{"id":257,"date":"2023-05-25T08:50:43","date_gmt":"2023-05-25T08:50:43","guid":{"rendered":"https:\/\/saveandgame.eu\/?page_id=257"},"modified":"2023-08-29T14:43:28","modified_gmt":"2023-08-29T14:43:28","slug":"elementor-257","status":"publish","type":"page","link":"https:\/\/saveandgame.eu\/index.php\/hr\/elementor-257\/","title":{"rendered":"O projektu"},"content":{"rendered":"\t\t<div data-elementor-type=\"wp-page\" data-elementor-id=\"257\" class=\"elementor elementor-257\">\n\t\t\t\t\t\t\t\t\t<section class=\"elementor-section elementor-top-section elementor-element elementor-element-5536d40e elementor-section-boxed elementor-section-height-default elementor-section-height-default\" data-id=\"5536d40e\" data-element_type=\"section\">\n\t\t\t\t\t\t<div class=\"elementor-container elementor-column-gap-default\">\n\t\t\t\t\t<div class=\"elementor-column elementor-col-100 elementor-top-column elementor-element elementor-element-158c56fc\" data-id=\"158c56fc\" data-element_type=\"column\">\n\t\t\t<div class=\"elementor-widget-wrap elementor-element-populated\">\n\t\t\t\t\t\t\t\t<div class=\"elementor-element elementor-element-33ee12c6 elementor-widget elementor-widget-heading\" data-id=\"33ee12c6\" data-element_type=\"widget\" data-widget_type=\"heading.default\">\n\t\t\t\t<div class=\"elementor-widget-container\">\n\t\t\t<style>\/*! elementor - v3.17.0 - 08-11-2023 *\/\n.elementor-heading-title{padding:0;margin:0;line-height:1}.elementor-widget-heading .elementor-heading-title[class*=elementor-size-]>a{color:inherit;font-size:inherit;line-height:inherit}.elementor-widget-heading .elementor-heading-title.elementor-size-small{font-size:15px}.elementor-widget-heading .elementor-heading-title.elementor-size-medium{font-size:19px}.elementor-widget-heading .elementor-heading-title.elementor-size-large{font-size:29px}.elementor-widget-heading .elementor-heading-title.elementor-size-xl{font-size:39px}.elementor-widget-heading .elementor-heading-title.elementor-size-xxl{font-size:59px}<\/style><h2 class=\"elementor-heading-title elementor-size-default\">O PROJEKTU<\/h2>\t\t<\/div>\n\t\t\t\t<\/div>\n\t\t\t\t<div class=\"elementor-element elementor-element-183c095e elementor-widget elementor-widget-text-editor\" data-id=\"183c095e\" data-element_type=\"widget\" data-widget_type=\"text-editor.default\">\n\t\t\t\t<div class=\"elementor-widget-container\">\n\t\t\t<style>\/*! elementor - v3.17.0 - 08-11-2023 *\/\n.elementor-widget-text-editor.elementor-drop-cap-view-stacked .elementor-drop-cap{background-color:#69727d;color:#fff}.elementor-widget-text-editor.elementor-drop-cap-view-framed .elementor-drop-cap{color:#69727d;border:3px solid;background-color:transparent}.elementor-widget-text-editor:not(.elementor-drop-cap-view-default) .elementor-drop-cap{margin-top:8px}.elementor-widget-text-editor:not(.elementor-drop-cap-view-default) .elementor-drop-cap-letter{width:1em;height:1em}.elementor-widget-text-editor .elementor-drop-cap{float:left;text-align:center;line-height:1;font-size:50px}.elementor-widget-text-editor .elementor-drop-cap-letter{display:inline-block}<\/style>\t\t\t\t<p><strong>Trajanje projekta:<\/strong> <br \/>Sije\u010danj 2023 &#8211; Sije\u010danj 2024<strong><br \/><\/strong><\/p>\t\t\t\t\t\t<\/div>\n\t\t\t\t<\/div>\n\t\t\t\t<div class=\"elementor-element elementor-element-2363c7dc elementor-widget-divider--separator-type-pattern elementor-widget-divider--no-spacing elementor-widget-divider--view-line elementor-widget elementor-widget-divider\" data-id=\"2363c7dc\" data-element_type=\"widget\" data-widget_type=\"divider.default\">\n\t\t\t\t<div class=\"elementor-widget-container\">\n\t\t\t<style>\/*! elementor - v3.17.0 - 08-11-2023 *\/\n.elementor-widget-divider{--divider-border-style:none;--divider-border-width:1px;--divider-color:#0c0d0e;--divider-icon-size:20px;--divider-element-spacing:10px;--divider-pattern-height:24px;--divider-pattern-size:20px;--divider-pattern-url:none;--divider-pattern-repeat:repeat-x}.elementor-widget-divider .elementor-divider{display:flex}.elementor-widget-divider .elementor-divider__text{font-size:15px;line-height:1;max-width:95%}.elementor-widget-divider .elementor-divider__element{margin:0 var(--divider-element-spacing);flex-shrink:0}.elementor-widget-divider .elementor-icon{font-size:var(--divider-icon-size)}.elementor-widget-divider .elementor-divider-separator{display:flex;margin:0;direction:ltr}.elementor-widget-divider--view-line_icon .elementor-divider-separator,.elementor-widget-divider--view-line_text .elementor-divider-separator{align-items:center}.elementor-widget-divider--view-line_icon .elementor-divider-separator:after,.elementor-widget-divider--view-line_icon .elementor-divider-separator:before,.elementor-widget-divider--view-line_text .elementor-divider-separator:after,.elementor-widget-divider--view-line_text .elementor-divider-separator:before{display:block;content:\"\";border-bottom:0;flex-grow:1;border-top:var(--divider-border-width) var(--divider-border-style) var(--divider-color)}.elementor-widget-divider--element-align-left .elementor-divider .elementor-divider-separator>.elementor-divider__svg:first-of-type{flex-grow:0;flex-shrink:100}.elementor-widget-divider--element-align-left .elementor-divider-separator:before{content:none}.elementor-widget-divider--element-align-left .elementor-divider__element{margin-left:0}.elementor-widget-divider--element-align-right .elementor-divider .elementor-divider-separator>.elementor-divider__svg:last-of-type{flex-grow:0;flex-shrink:100}.elementor-widget-divider--element-align-right .elementor-divider-separator:after{content:none}.elementor-widget-divider--element-align-right .elementor-divider__element{margin-right:0}.elementor-widget-divider:not(.elementor-widget-divider--view-line_text):not(.elementor-widget-divider--view-line_icon) .elementor-divider-separator{border-top:var(--divider-border-width) var(--divider-border-style) var(--divider-color)}.elementor-widget-divider--separator-type-pattern{--divider-border-style:none}.elementor-widget-divider--separator-type-pattern.elementor-widget-divider--view-line .elementor-divider-separator,.elementor-widget-divider--separator-type-pattern:not(.elementor-widget-divider--view-line) .elementor-divider-separator:after,.elementor-widget-divider--separator-type-pattern:not(.elementor-widget-divider--view-line) .elementor-divider-separator:before,.elementor-widget-divider--separator-type-pattern:not([class*=elementor-widget-divider--view]) .elementor-divider-separator{width:100%;min-height:var(--divider-pattern-height);-webkit-mask-size:var(--divider-pattern-size) 100%;mask-size:var(--divider-pattern-size) 100%;-webkit-mask-repeat:var(--divider-pattern-repeat);mask-repeat:var(--divider-pattern-repeat);background-color:var(--divider-color);-webkit-mask-image:var(--divider-pattern-url);mask-image:var(--divider-pattern-url)}.elementor-widget-divider--no-spacing{--divider-pattern-size:auto}.elementor-widget-divider--bg-round{--divider-pattern-repeat:round}.rtl .elementor-widget-divider .elementor-divider__text{direction:rtl}.e-con-inner>.elementor-widget-divider,.e-con>.elementor-widget-divider{width:var(--container-widget-width,100%);--flex-grow:var(--container-widget-flex-grow)}<\/style>\t\t<div class=\"elementor-divider\" style=\"--divider-pattern-url: url(&quot;data:image\/svg+xml,%3Csvg xmlns=&#039;http:\/\/www.w3.org\/2000\/svg&#039; preserveAspectRatio=&#039;xMidYMid meet&#039; overflow=&#039;visible&#039; height=&#039;100%&#039; viewBox=&#039;0 0 117 26&#039; fill=&#039;black&#039; stroke=&#039;none&#039;%3E%3Cpath d=&#039;M3,1.5C5,4.9,6,8.8,6,13s-1.7,8.1-5,11.5C0.3,21.1,0,17.2,0,13S1,4.9,3,1.5z M16,1.5c2,3.4,3,7.3,3,11.5s-1,8.1-3,11.5c-2-4.1-3-8.3-3-12.5S14,4.3,16,1.5z M29,1.5c2,4.8,3,9.3,3,13.5s-1,7.4-3,9.5c-2-3.4-3-7.3-3-11.5S27,4.9,29,1.5z M41.1,1.5C43.7,4.9,45,8.8,45,13s-1,8.1-3,11.5c-2-3.4-3-7.3-3-11.5S39.7,4.9,41.1,1.5zM55,1.5c2,2.8,3,6.3,3,10.5s-1.3,8.4-4,12.5c-1.3-3.4-2-7.3-2-11.5S53,4.9,55,1.5z M68,1.5c2,3.4,3,7.3,3,11.5s-0.7,8.1-2,11.5c-2.7-4.8-4-9.3-4-13.5S66,3.6,68,1.5z M82,1.5c1.3,4.8,2,9.3,2,13.5s-1,7.4-3,9.5c-2-3.4-3-7.3-3-11.5S79.3,4.9,82,1.5z M94,1.5c2,3.4,3,7.3,3,11.5s-1.3,8.1-4,11.5c-1.3-1.4-2-4.3-2-8.5S92,6.9,94,1.5z M107,1.5c2,2.1,3,5.3,3,9.5s-0.7,8.7-2,13.5c-2.7-3.4-4-7.3-4-11.5S105,4.9,107,1.5z&#039;\/%3E%3C\/svg%3E&quot;);\">\n\t\t\t<span class=\"elementor-divider-separator\">\n\t\t\t\t\t\t<\/span>\n\t\t<\/div>\n\t\t\t\t<\/div>\n\t\t\t\t<\/div>\n\t\t\t\t\t<\/div>\n\t\t<\/div>\n\t\t\t\t\t\t\t<\/div>\n\t\t<\/section>\n\t\t\t\t<section class=\"elementor-section elementor-top-section elementor-element elementor-element-ed46c52 elementor-section-boxed elementor-section-height-default elementor-section-height-default\" data-id=\"ed46c52\" data-element_type=\"section\">\n\t\t\t\t\t\t<div class=\"elementor-container elementor-column-gap-default\">\n\t\t\t\t\t<div class=\"elementor-column elementor-col-100 elementor-top-column elementor-element elementor-element-5cf1c8d\" data-id=\"5cf1c8d\" data-element_type=\"column\">\n\t\t\t<div class=\"elementor-widget-wrap elementor-element-populated\">\n\t\t\t\t\t\t\t\t<div class=\"elementor-element elementor-element-45d7402 elementor-widget elementor-widget-text-editor\" data-id=\"45d7402\" data-element_type=\"widget\" data-widget_type=\"text-editor.default\">\n\t\t\t\t<div class=\"elementor-widget-container\">\n\t\t\t\t\t\t\t<p>Od po\u010detka 21. stolje\u0107a svijet se suo\u010dava sa sve ve\u0107im brojem ekolo\u0161kih izazova: su\u0161ama, poplavama, degradacijom \u0161uma, masovnim izumiranjem vrsta itd. Ljudi koji su ro\u0111eni u prvom desetlje\u0107u stolje\u0107a sada su tinejd\u017eeri i mlade odrasle osobe. Oni su gra\u0111ani sutra\u0161njice, oni koji \u0107e u sljede\u0107im desetlje\u0107ima postati donositelji odluka, menad\u017eeri, politi\u010dari i stru\u010dnjaci koji \u0107e oblikovati dru\u0161tvo. Zato ih je nu\u017eno pripremiti za nadolaze\u0107e izazove.<\/p><p>Me\u0111utim, oni su ve\u0107 svjesni problema, jer mnogi od njih ve\u0107inu svog mladog \u017eivota \u017eive s osje\u0107ajem hitno\u0107e. Prema <a href=\"https:\/\/eeb.org\/wp-content\/uploads\/2021\/04\/IPSOS-Multi-Country-Report-complete.FINAL_.pdf\">istra\u017eivanju<\/a> OECD-a, polovica mladih Europljana smatra da su klimatske promjene jedan od najozbiljnijih problema s kojima se svijet suo\u010dava. Ali koliko ih je zapravo ekolo\u0161ki pismenih? Statistike pokazuju da se broj mladih ljudi koji su upoznati s temama odr\u017eivosti i klimatskih promjena razlikuje me\u0111u europskim zemljama. Nemaju svi priliku dobiti obrazovanje o pitanjima okoli\u0161a i ste\u0107i kompetenciju odr\u017eivosti u \u0161koli ili unutar svog ku\u0107anstva.<\/p>\t\t\t\t\t\t<\/div>\n\t\t\t\t<\/div>\n\t\t\t\t<div class=\"elementor-element elementor-element-4746097 elementor-widget__width-initial elementor-widget elementor-widget-image\" data-id=\"4746097\" data-element_type=\"widget\" data-widget_type=\"image.default\">\n\t\t\t\t<div class=\"elementor-widget-container\">\n\t\t\t<style>\/*! elementor - v3.17.0 - 08-11-2023 *\/\n.elementor-widget-image{text-align:center}.elementor-widget-image a{display:inline-block}.elementor-widget-image a img[src$=\".svg\"]{width:48px}.elementor-widget-image img{vertical-align:middle;display:inline-block}<\/style>\t\t\t\t\t\t\t\t\t\t\t\t<img loading=\"lazy\" decoding=\"async\" width=\"300\" height=\"251\" src=\"https:\/\/saveandgame.eu\/wp-content\/uploads\/2023\/05\/W-About-300x251.png\" class=\"attachment-medium size-medium wp-image-95\" alt=\"\" srcset=\"https:\/\/saveandgame.eu\/wp-content\/uploads\/2023\/05\/W-About-300x251.png 300w, https:\/\/saveandgame.eu\/wp-content\/uploads\/2023\/05\/W-About-768x644.png 768w, https:\/\/saveandgame.eu\/wp-content\/uploads\/2023\/05\/W-About.png 940w\" sizes=\"auto, (max-width: 300px) 100vw, 300px\" \/>\t\t\t\t\t\t\t\t\t\t\t\t\t\t\t<\/div>\n\t\t\t\t<\/div>\n\t\t\t\t<div class=\"elementor-element elementor-element-7e6a0924 elementor-widget__width-initial elementor-widget elementor-widget-text-editor\" data-id=\"7e6a0924\" data-element_type=\"widget\" data-widget_type=\"text-editor.default\">\n\t\t\t\t<div class=\"elementor-widget-container\">\n\t\t\t\t\t\t\t<p>Edukacija je klju\u010d koji \u0107e mlade osna\u017eiti za konkretne akcije. To je ono \u0161to projekt Save &amp; Game \u017eeli posti\u0107i. Cilj nam je potaknuti nove generacije na odgovorno pona\u0161anje prema kori\u0161tenju energije i resursa u svim njihovim oblicima. Koristit \u0107emo igrifikaciju za podizanje svijesti o energetskoj u\u010dinkovitosti me\u0111u mladima, a trenerima i osobama koje rade s mladima pru\u017eit \u0107emo niz alata za povezivanje i igru. Cilj ovih igara je potaknuti mlade na razmi\u0161ljanje o najodr\u017eivijim izborima i navikama, da poti\u010du svoje vr\u0161njake da promi\u010du kontinuirano pobolj\u0161anje pristupa vlastitoj potro\u0161nji te da razumiju globalne prednosti odr\u017eivije potro\u0161nje i na\u010dina \u017eivota na lokalnoj razini. Na ovaj na\u010din, projekt \u0107e pomo\u0107i da mladi ljudi postanu glasnogovornici odr\u017eivosti u svojim zajednicama pokazuju\u0107i kako odr\u017eivost mo\u017ee generirati dobrobit.<\/p><p>Svi materijali \u0107e biti testirani od strane osoba koji rade s mladima i ostalih mladih. Partneri \u0107e uzeti u obzir njihove povratne informacije, savjete i preporuke kako bi bili sigurni da su razvijeni resursi vrijedni njihovim budu\u0107im korisnicima.<\/p>\t\t\t\t\t\t<\/div>\n\t\t\t\t<\/div>\n\t\t\t\t\t<\/div>\n\t\t<\/div>\n\t\t\t\t\t\t\t<\/div>\n\t\t<\/section>\n\t\t\t\t<section class=\"elementor-section elementor-top-section elementor-element elementor-element-26408288 elementor-section-boxed elementor-section-height-default elementor-section-height-default\" data-id=\"26408288\" data-element_type=\"section\">\n\t\t\t\t\t\t<div class=\"elementor-container elementor-column-gap-default\">\n\t\t\t\t\t<div class=\"elementor-column elementor-col-100 elementor-top-column elementor-element elementor-element-30e01cad\" data-id=\"30e01cad\" data-element_type=\"column\">\n\t\t\t<div class=\"elementor-widget-wrap elementor-element-populated\">\n\t\t\t\t\t\t\t\t<section class=\"elementor-section elementor-inner-section elementor-element elementor-element-4cd4295d elementor-section-boxed elementor-section-height-default elementor-section-height-default\" data-id=\"4cd4295d\" data-element_type=\"section\">\n\t\t\t\t\t\t<div class=\"elementor-container elementor-column-gap-default\">\n\t\t\t\t\t<div class=\"elementor-column elementor-col-33 elementor-inner-column elementor-element elementor-element-f8854e3\" data-id=\"f8854e3\" data-element_type=\"column\">\n\t\t\t<div class=\"elementor-widget-wrap elementor-element-populated\">\n\t\t\t\t\t\t\t\t<div class=\"elementor-element elementor-element-5ab82553 elementor-widget elementor-widget-image\" data-id=\"5ab82553\" data-element_type=\"widget\" data-widget_type=\"image.default\">\n\t\t\t\t<div class=\"elementor-widget-container\">\n\t\t\t\t\t\t\t\t\t\t\t\t\t\t\t<img loading=\"lazy\" decoding=\"async\" width=\"768\" height=\"202\" src=\"https:\/\/saveandgame.eu\/wp-content\/uploads\/2023\/05\/HR_Co-fundedbytheEU_RGB_POS-768x202.png\" class=\"attachment-medium_large size-medium_large wp-image-81\" alt=\"\" srcset=\"https:\/\/saveandgame.eu\/wp-content\/uploads\/2023\/05\/HR_Co-fundedbytheEU_RGB_POS-768x202.png 768w, https:\/\/saveandgame.eu\/wp-content\/uploads\/2023\/05\/HR_Co-fundedbytheEU_RGB_POS-300x79.png 300w, https:\/\/saveandgame.eu\/wp-content\/uploads\/2023\/05\/HR_Co-fundedbytheEU_RGB_POS-1024x269.png 1024w, https:\/\/saveandgame.eu\/wp-content\/uploads\/2023\/05\/HR_Co-fundedbytheEU_RGB_POS-1536x403.png 1536w, https:\/\/saveandgame.eu\/wp-content\/uploads\/2023\/05\/HR_Co-fundedbytheEU_RGB_POS-2048x537.png 2048w\" sizes=\"auto, (max-width: 768px) 100vw, 768px\" \/>\t\t\t\t\t\t\t\t\t\t\t\t\t\t\t<\/div>\n\t\t\t\t<\/div>\n\t\t\t\t\t<\/div>\n\t\t<\/div>\n\t\t\t\t<div class=\"elementor-column elementor-col-66 elementor-inner-column elementor-element elementor-element-a86ad68\" data-id=\"a86ad68\" data-element_type=\"column\">\n\t\t\t<div class=\"elementor-widget-wrap elementor-element-populated\">\n\t\t\t\t\t\t\t\t<div class=\"elementor-element elementor-element-68ce4fe4 elementor-widget elementor-widget-text-editor\" data-id=\"68ce4fe4\" data-element_type=\"widget\" data-widget_type=\"text-editor.default\">\n\t\t\t\t<div class=\"elementor-widget-container\">\n\t\t\t\t\t\t\t<p>Projekt Save&amp;Game sufinanciran je iz programa ERASMUS+ Europske unije, a provodit \u0107e se od sije\u010dnja 2023. do sije\u010dnja 2024. Ova internet stranica i sadr\u017eaj projekta odra\u017eavaju stavove autora, a Europska komisija ne mo\u017ee se smatrati odgovornom za bilo kakvo kori\u0161tenje informacija sadr\u017eanih u njima.<\/p><p>(Kod projekta: 2022-3-HR01-KA210-YOU-000097125)<\/p>\t\t\t\t\t\t<\/div>\n\t\t\t\t<\/div>\n\t\t\t\t\t<\/div>\n\t\t<\/div>\n\t\t\t\t\t\t\t<\/div>\n\t\t<\/section>\n\t\t\t\t\t<\/div>\n\t\t<\/div>\n\t\t\t\t\t\t\t<\/div>\n\t\t<\/section>\n\t\t\t\t\t\t\t<\/div>\n\t\t","protected":false},"excerpt":{"rendered":"<p>O PROJEKTU Trajanje projekta: Sije\u010danj 2023 &#8211; Sije\u010danj 2024 Od po\u010detka 21. stolje\u0107a svijet se suo\u010dava sa sve ve\u0107im brojem ekolo\u0161kih izazova: su\u0161ama, poplavama, degradacijom \u0161uma, masovnim izumiranjem vrsta itd. Ljudi koji su ro\u0111eni u prvom desetlje\u0107u stolje\u0107a sada su tinejd\u017eeri i mlade odrasle osobe. Oni su gra\u0111ani sutra\u0161njice, oni koji \u0107e u sljede\u0107im desetlje\u0107ima &hellip;<\/p>\n<p class=\"read-more\"> <a class=\"\" href=\"https:\/\/saveandgame.eu\/index.php\/hr\/elementor-257\/\"> <span class=\"screen-reader-text\">O projektu<\/span> Read More &raquo;<\/a><\/p>\n","protected":false},"author":1,"featured_media":0,"parent":0,"menu_order":0,"comment_status":"closed","ping_status":"closed","template":"elementor_header_footer","meta":{"site-sidebar-layout":"no-sidebar","site-content-layout":"page-builder","ast-site-content-layout":"","site-content-style":"default","site-sidebar-style":"default","ast-global-header-display":"","ast-banner-title-visibility":"","ast-main-header-display":"","ast-hfb-above-header-display":"","ast-hfb-below-header-display":"","ast-hfb-mobile-header-display":"","site-post-title":"disabled","ast-breadcrumbs-content":"","ast-featured-img":"disabled","footer-sml-layout":"","theme-transparent-header-meta":"","adv-header-id-meta":"","stick-header-meta":"","header-above-stick-meta":"","header-main-stick-meta":"","header-below-stick-meta":"","astra-migrate-meta-layouts":"","ast-page-background-enabled":"default","ast-page-background-meta":{"desktop":{"background-color":"var(--ast-global-color-4)","background-image":"","background-repeat":"repeat","background-position":"center center","background-size":"auto","background-attachment":"scroll","background-type":"","background-media":"","overlay-type":"","overlay-color":"","overlay-gradient":""},"tablet":{"background-color":"","background-image":"","background-repeat":"repeat","background-position":"center center","background-size":"auto","background-attachment":"scroll","background-type":"","background-media":"","overlay-type":"","overlay-color":"","overlay-gradient":""},"mobile":{"background-color":"","background-image":"","background-repeat":"repeat","background-position":"center center","background-size":"auto","background-attachment":"scroll","background-type":"","background-media":"","overlay-type":"","overlay-color":"","overlay-gradient":""}},"ast-content-background-meta":{"desktop":{"background-color":"var(--ast-global-color-5)","background-image":"","background-repeat":"repeat","background-position":"center center","background-size":"auto","background-attachment":"scroll","background-type":"","background-media":"","overlay-type":"","overlay-color":"","overlay-gradient":""},"tablet":{"background-color":"var(--ast-global-color-5)","background-image":"","background-repeat":"repeat","background-position":"center center","background-size":"auto","background-attachment":"scroll","background-type":"","background-media":"","overlay-type":"","overlay-color":"","overlay-gradient":""},"mobile":{"background-color":"var(--ast-global-color-5)","background-image":"","background-repeat":"repeat","background-position":"center center","background-size":"auto","background-attachment":"scroll","background-type":"","background-media":"","overlay-type":"","overlay-color":"","overlay-gradient":""}},"footnotes":""},"class_list":["post-257","page","type-page","status-publish","hentry"],"_links":{"self":[{"href":"https:\/\/saveandgame.eu\/index.php\/wp-json\/wp\/v2\/pages\/257","targetHints":{"allow":["GET"]}}],"collection":[{"href":"https:\/\/saveandgame.eu\/index.php\/wp-json\/wp\/v2\/pages"}],"about":[{"href":"https:\/\/saveandgame.eu\/index.php\/wp-json\/wp\/v2\/types\/page"}],"author":[{"embeddable":true,"href":"https:\/\/saveandgame.eu\/index.php\/wp-json\/wp\/v2\/users\/1"}],"replies":[{"embeddable":true,"href":"https:\/\/saveandgame.eu\/index.php\/wp-json\/wp\/v2\/comments?post=257"}],"version-history":[{"count":14,"href":"https:\/\/saveandgame.eu\/index.php\/wp-json\/wp\/v2\/pages\/257\/revisions"}],"predecessor-version":[{"id":650,"href":"https:\/\/saveandgame.eu\/index.php\/wp-json\/wp\/v2\/pages\/257\/revisions\/650"}],"wp:attachment":[{"href":"https:\/\/saveandgame.eu\/index.php\/wp-json\/wp\/v2\/media?parent=257"}],"curies":[{"name":"wp","href":"https:\/\/api.w.org\/{rel}","templated":true}]}}